{"id":3310,"date":"2026-03-21T12:32:24","date_gmt":"2026-03-21T12:32:24","guid":{"rendered":"https:\/\/soufianeboughouri.ma\/?page_id=3310"},"modified":"2026-03-31T13:14:10","modified_gmt":"2026-03-31T13:14:10","slug":"blog","status":"publish","type":"page","link":"https:\/\/soufianeboughouri.ma\/ar\/blog\/","title":{"rendered":"\u0627\u0644\u0645\u062f\u0648\u0646\u0629"},"content":{"rendered":"<div data-elementor-type=\"wp-page\" data-elementor-id=\"3310\" class=\"elementor elementor-3310\" data-elementor-post-type=\"page\">\n\t\t\t\t<div class=\"elementor-element elementor-element-793b147b e-flex e-con-boxed e-con e-parent\" data-id=\"793b147b\" data-element_type=\"container\" data-e-type=\"container\" data-settings=\"{&quot;background_background&quot;:&quot;classic&quot;}\">\r\n\t\t\t\t\t<div class=\"e-con-inner\">\r\n\t\t<div class=\"elementor-element elementor-element-5cda23ad e-con-full e-flex e-con e-child\" data-id=\"5cda23ad\" data-element_type=\"container\" data-e-type=\"container\">\r\n\t\t\t\t<div class=\"elementor-element elementor-element-73734ca8 elementor-invisible elementor-widget elementor-widget-porto_ultimate_heading\" data-id=\"73734ca8\" data-element_type=\"widget\" data-e-type=\"widget\" data-settings=\"{&quot;_animation&quot;:&quot;textEntrance&quot;,&quot;_animation_delay&quot;:200}\" data-widget_type=\"porto_ultimate_heading.default\">\n\t\t\t\t\t<div class=\"porto-u-heading  porto-u-b736f47d3aefe5773ca80907c2e5bc7f\"><div class=\"porto-u-main-heading heading-highlight\" data-appear-animation=\"highlightProgress\"><h2  >\u0645\u062f\u0648\u0646\u062a\u0646\u0627<\/h2><\/div><div class=\"porto-u-sub-heading\" style=\"\"><h2 class=\"hero-hook\" style=\"font-family: 'Cairo', sans-serif; font-size: 25px; font-weight: bold; margin-top: 10px;\">\u0627\u0643\u062a\u0634\u0641 \u0623\u062d\u062f\u062b \u0627\u0644\u0645\u0642\u0627\u0644\u0627\u062a\u060c \u0627\u0644\u0646\u0635\u0627\u0626\u062d\u060c \u0648\u0643\u0644 \u0645\u0627 \u062a\u062d\u062a\u0627\u062c\u0647 \u0644\u062a\u0637\u0648\u064a\u0631 \u0645\u0634\u0631\u0648\u0639\u0643.<\/h2><\/div><style>.porto-u-b736f47d3aefe5773ca80907c2e5bc7f.porto-u-heading{text-align:center} @media(max-width:991px){ .porto-u-b736f47d3aefe5773ca80907c2e5bc7f.porto-u-heading{text-align:center}}<\/style><\/div>\t\t\t\t<\/div>\n\t\t<div class=\"elementor-element elementor-element-1e08f5b8 e-con-full e-flex elementor-invisible e-con e-child\" data-id=\"1e08f5b8\" data-element_type=\"container\" data-e-type=\"container\" data-settings=\"{&quot;animation&quot;:&quot;fadeInUp&quot;,&quot;animation_delay&quot;:0}\">\r\n\t\t\t\t<div class=\"elementor-element elementor-element-7c67d0dd elementor-invisible elementor-widget elementor-widget-porto_button\" data-id=\"7c67d0dd\" data-element_type=\"widget\" data-e-type=\"widget\" data-settings=\"{&quot;align_tablet&quot;:&quot;center&quot;,&quot;_animation&quot;:&quot;fadeInUp&quot;,&quot;_animation_delay&quot;:500,&quot;align&quot;:&quot;right&quot;}\" data-widget_type=\"porto_button.default\">\n\t\t\t\t\t<a class=\"btn btn-md btn-dark btn-full-rounded btn-icon-rotate-45 btn-hover-shadow btn-icon\" href=\"#blog\"><i class=\"fas fa-arrow-down\"><\/i><span > \u0627\u0642\u0631\u0623 \u0627\u0644\u0645\u0632\u064a\u062f<\/span><\/a>\t\t\t\t<\/div>\n\t\t\t\t<\/div>\n\t\t\t\t<\/div>\n\t\t\t\t\t<\/div>\n\t\t\t\t<\/div>\n\t\t<div class=\"elementor-element elementor-element-b600646 e-flex e-con-boxed e-con e-parent\" data-id=\"b600646\" data-element_type=\"container\" data-e-type=\"container\" id=\"blog\">\r\n\t\t\t\t\t<div class=\"e-con-inner\">\r\n\t\t\t\t<div class=\"elementor-element elementor-element-9b20a3f elementor-grid-3 elementor-grid-tablet-2 elementor-grid-mobile-1 elementor-posts--thumbnail-top elementor-posts--show-avatar elementor-card-shadow-yes elementor-posts__hover-gradient elementor-widget elementor-widget-posts\" data-id=\"9b20a3f\" data-element_type=\"widget\" data-e-type=\"widget\" data-settings=\"{&quot;pagination_type&quot;:&quot;numbers_and_prev_next&quot;,&quot;cards_columns&quot;:&quot;3&quot;,&quot;cards_columns_tablet&quot;:&quot;2&quot;,&quot;cards_columns_mobile&quot;:&quot;1&quot;,&quot;cards_row_gap&quot;:{&quot;unit&quot;:&quot;px&quot;,&quot;size&quot;:35,&quot;sizes&quot;:[]},&quot;cards_row_gap_tablet&quot;:{&quot;unit&quot;:&quot;px&quot;,&quot;size&quot;:&quot;&quot;,&quot;sizes&quot;:[]},&quot;cards_row_gap_mobile&quot;:{&quot;unit&quot;:&quot;px&quot;,&quot;size&quot;:&quot;&quot;,&quot;sizes&quot;:[]}}\" data-widget_type=\"posts.cards\">\n\t\t\t\t<div class=\"elementor-widget-container\">\n\t\t\t\t\t\t\t<div class=\"elementor-posts-container elementor-posts elementor-posts--skin-cards elementor-grid\" role=\"list\">\n\t\t\t\t<article class=\"elementor-post elementor-grid-item post-5608 post type-post status-publish format-standard hentry category-uncategorized\" role=\"listitem\">\n\t\t\t<div class=\"elementor-post__card\">\n\t\t\t\t<div class=\"elementor-post__text\">\n\t\t\t\t<h3 class=\"elementor-post__title\">\n\t\t\t<a href=\"https:\/\/soufianeboughouri.ma\/ar\/caisse-tactile-marrakech\/\">\n\t\t\t\tCaisse tactile \u00e0 Marrakech : le guide complet pour digitaliser votre commerce dans la ville ocre\t\t\t<\/a>\n\t\t<\/h3>\n\t\t\t\t<div class=\"elementor-post__excerpt\">\n\t\t\t<p>Marrakech est une ville unique. Capitale touristique du Maroc, elle accueille chaque ann\u00e9e des millions de visiteurs et abrite un tissu commercial parmi les plus<\/p>\n\t\t<\/div>\n\t\t\t\t\t<div class=\"elementor-post__read-more-wrapper\">\n\t\t\n\t\t<a class=\"elementor-post__read-more\" href=\"https:\/\/soufianeboughouri.ma\/ar\/caisse-tactile-marrakech\/\" aria-label=\"Read more about Caisse tactile \u00e0 Marrakech : le guide complet pour digitaliser votre commerce dans la ville ocre\" tabindex=\"-1\">\n\t\t\t\u21e6 \u0627\u0642\u0631\u0623 \u0627\u0644\u0645\u0632\u064a\u062f \t\t<\/a>\n\n\t\t\t\t\t<\/div>\n\t\t\t\t<\/div>\n\t\t\t\t<div class=\"elementor-post__meta-data\">\n\t\t\t\t\t<span class=\"elementor-post-date\">\n\t\t\t\u0623\u0628\u0631\u064a\u0644 19, 2026\t\t<\/span>\n\t\t\t\t<span class=\"elementor-post-avatar\">\n\t\t\t\u0644\u0627 \u062a\u0648\u062c\u062f \u062a\u0639\u0644\u064a\u0642\u0627\u062a\t\t<\/span>\n\t\t\t\t<\/div>\n\t\t\t\t\t<\/div>\n\t\t<\/article>\n\t\t\t\t<article class=\"elementor-post elementor-grid-item post-5606 post type-post status-publish format-standard hentry category-uncategorized\" role=\"listitem\">\n\t\t\t<div class=\"elementor-post__card\">\n\t\t\t\t<div class=\"elementor-post__text\">\n\t\t\t\t<h3 class=\"elementor-post__title\">\n\t\t\t<a href=\"https:\/\/soufianeboughouri.ma\/ar\/caisse-tactile-maroc-commerce\/\">\n\t\t\t\tL\u2019importance de la caisse tactile dans tous les types de commerce au Maroc\t\t\t<\/a>\n\t\t<\/h3>\n\t\t\t\t<div class=\"elementor-post__excerpt\">\n\t\t\t<p>Chaque jour, des milliers de commer\u00e7ants marocains perdent du temps, de l\u2019argent et des clients \u00e0 cause d\u2019une gestion manuelle de leur activit\u00e9. Cahiers griffonn\u00e9s,<\/p>\n\t\t<\/div>\n\t\t\t\t\t<div class=\"elementor-post__read-more-wrapper\">\n\t\t\n\t\t<a class=\"elementor-post__read-more\" href=\"https:\/\/soufianeboughouri.ma\/ar\/caisse-tactile-maroc-commerce\/\" aria-label=\"Read more about L\u2019importance de la caisse tactile dans tous les types de commerce au Maroc\" tabindex=\"-1\">\n\t\t\t\u21e6 \u0627\u0642\u0631\u0623 \u0627\u0644\u0645\u0632\u064a\u062f \t\t<\/a>\n\n\t\t\t\t\t<\/div>\n\t\t\t\t<\/div>\n\t\t\t\t<div class=\"elementor-post__meta-data\">\n\t\t\t\t\t<span class=\"elementor-post-date\">\n\t\t\t\u0623\u0628\u0631\u064a\u0644 18, 2026\t\t<\/span>\n\t\t\t\t<span class=\"elementor-post-avatar\">\n\t\t\t\u0644\u0627 \u062a\u0648\u062c\u062f \u062a\u0639\u0644\u064a\u0642\u0627\u062a\t\t<\/span>\n\t\t\t\t<\/div>\n\t\t\t\t\t<\/div>\n\t\t<\/article>\n\t\t\t\t<article class=\"elementor-post elementor-grid-item post-5517 post type-post status-publish format-standard hentry category-uncategorized\" role=\"listitem\">\n\t\t\t<div class=\"elementor-post__card\">\n\t\t\t\t<div class=\"elementor-post__text\">\n\t\t\t\t<h3 class=\"elementor-post__title\">\n\t\t\t<a href=\"https:\/\/soufianeboughouri.ma\/ar\/digitaliser-patisserie-maroc\/\">\n\t\t\t\tComment Digitaliser une P\u00e2tisserie au Maroc : Le Guide Pratique 2026\t\t\t<\/a>\n\t\t<\/h3>\n\t\t\t\t<div class=\"elementor-post__excerpt\">\n\t\t\t<p>Vous \u00eates p\u00e2tissier au Maroc et vous g\u00e9rez encore vos commandes par t\u00e9l\u00e9phone, vos stocks dans un cahier et votre comptabilit\u00e9 \u00e0 la main ?<\/p>\n\t\t<\/div>\n\t\t\t\t\t<div class=\"elementor-post__read-more-wrapper\">\n\t\t\n\t\t<a class=\"elementor-post__read-more\" href=\"https:\/\/soufianeboughouri.ma\/ar\/digitaliser-patisserie-maroc\/\" aria-label=\"Read more about Comment Digitaliser une P\u00e2tisserie au Maroc : Le Guide Pratique 2026\" tabindex=\"-1\">\n\t\t\t\u21e6 \u0627\u0642\u0631\u0623 \u0627\u0644\u0645\u0632\u064a\u062f \t\t<\/a>\n\n\t\t\t\t\t<\/div>\n\t\t\t\t<\/div>\n\t\t\t\t<div class=\"elementor-post__meta-data\">\n\t\t\t\t\t<span class=\"elementor-post-date\">\n\t\t\t\u0623\u0628\u0631\u064a\u0644 6, 2026\t\t<\/span>\n\t\t\t\t<span class=\"elementor-post-avatar\">\n\t\t\t\u0644\u0627 \u062a\u0648\u062c\u062f \u062a\u0639\u0644\u064a\u0642\u0627\u062a\t\t<\/span>\n\t\t\t\t<\/div>\n\t\t\t\t\t<\/div>\n\t\t<\/article>\n\t\t\t\t<\/div>\n\t\t\n\t\t\t\t<div class=\"e-load-more-anchor\" data-page=\"1\" data-max-page=\"4\" data-next-page=\"https:\/\/soufianeboughouri.ma\/ar\/wp-json\/wp\/v2\/pages\/3310\/page\/2\/\"><\/div>\n\t\t\t\t<nav class=\"elementor-pagination\" aria-label=\"Pagination\">\n\t\t\t<span class=\"page-numbers prev\">&laquo; Previous<\/span>\n<span aria-current=\"page\" class=\"page-numbers current\"><span class=\"elementor-screen-only\">Page<\/span>1<\/span>\n<a class=\"page-numbers\" href=\"https:\/\/soufianeboughouri.ma\/ar\/wp-json\/wp\/v2\/pages\/3310\/page\/2\/\"><span class=\"elementor-screen-only\">Page<\/span>2<\/a>\n<a class=\"page-numbers\" href=\"https:\/\/soufianeboughouri.ma\/ar\/wp-json\/wp\/v2\/pages\/3310\/page\/3\/\"><span class=\"elementor-screen-only\">Page<\/span>3<\/a>\n<a class=\"page-numbers next\" href=\"https:\/\/soufianeboughouri.ma\/ar\/wp-json\/wp\/v2\/pages\/3310\/page\/2\/\">Next &raquo;<\/a>\t\t<\/nav>\n\t\t\t\t\t\t<\/div>\n\t\t\t\t<\/div>\n\t\t\t\t\t<\/div>\n\t\t\t\t<\/div>\n\t\t\t\t<\/div>","protected":false},"excerpt":{"rendered":"<p>\u0645\u062f\u0648\u0646\u062a\u0646\u0627 \u0627\u0643\u062a\u0634\u0641 \u0623\u062d\u062f\u062b \u0627\u0644\u0645\u0642\u0627\u0644\u0627\u062a\u060c \u0627\u0644\u0646\u0635\u0627\u0626\u062d\u060c \u0648\u0643\u0644 \u0645\u0627 \u062a\u062d\u062a\u0627\u062c\u0647 \u0644\u062a\u0637\u0648\u064a\u0631 \u0645\u0634\u0631\u0648\u0639\u0643. \u0627\u0642\u0631\u0623 \u0627\u0644\u0645\u0632\u064a\u062f<\/p>","protected":false},"author":1,"featured_media":0,"parent":0,"menu_order":0,"comment_status":"closed","ping_status":"closed","template":"","meta":{"googlesitekit_rrm_CAow0PHKDA:productID":"","content-type":"","footnotes":""},"class_list":["post-3310","page","type-page","status-publish","hentry"],"_hostinger_reach_plugin_has_subscription_block":false,"_hostinger_reach_plugin_is_elementor":false,"_links":{"self":[{"href":"https:\/\/soufianeboughouri.ma\/ar\/wp-json\/wp\/v2\/pages\/3310","targetHints":{"allow":["GET"]}}],"collection":[{"href":"https:\/\/soufianeboughouri.ma\/ar\/wp-json\/wp\/v2\/pages"}],"about":[{"href":"https:\/\/soufianeboughouri.ma\/ar\/wp-json\/wp\/v2\/types\/page"}],"author":[{"embeddable":true,"href":"https:\/\/soufianeboughouri.ma\/ar\/wp-json\/wp\/v2\/users\/1"}],"replies":[{"embeddable":true,"href":"https:\/\/soufianeboughouri.ma\/ar\/wp-json\/wp\/v2\/comments?post=3310"}],"version-history":[{"count":55,"href":"https:\/\/soufianeboughouri.ma\/ar\/wp-json\/wp\/v2\/pages\/3310\/revisions"}],"predecessor-version":[{"id":5179,"href":"https:\/\/soufianeboughouri.ma\/ar\/wp-json\/wp\/v2\/pages\/3310\/revisions\/5179"}],"wp:attachment":[{"href":"https:\/\/soufianeboughouri.ma\/ar\/wp-json\/wp\/v2\/media?parent=3310"}],"curies":[{"name":"wp","href":"https:\/\/api.w.org\/{rel}","templated":true}]}}